{"id":1550,"date":"2024-05-01T01:01:19","date_gmt":"2024-04-30T23:01:19","guid":{"rendered":"https:\/\/www.mountainproguiding.com\/caste-otazky\/"},"modified":"2024-05-02T17:11:13","modified_gmt":"2024-05-02T15:11:13","slug":"frequent-questions","status":"publish","type":"page","link":"https:\/\/www.mountainproguiding.com\/en\/frequent-questions\/","title":{"rendered":"Frequent questions"},"content":{"rendered":"<p><div class=\"fusion-fullwidth fullwidth-box fusion-builder-row-1 fusion-flex-container has-pattern-background has-mask-background page-header-container nonhundred-percent-fullwidth non-hundred-percent-height-scrolling\" style=\"--awb-border-radius-top-left:0px;--awb-border-radius-top-right:0px;--awb-border-radius-bottom-right:0px;--awb-border-radius-bottom-left:0px;--awb-padding-top-small:0px;--awb-padding-right-small:0px;--awb-padding-bottom-small:0px;--awb-padding-left-small:0px;--awb-background-color:var(--awb-color4);--awb-flex-wrap:wrap;\" ><div class=\"fusion-builder-row fusion-row fusion-flex-align-items-center fusion-flex-content-wrap\" style=\"max-width:1248px;margin-left: calc(-4% \/ 2 );margin-right: calc(-4% \/ 2 );\"><div class=\"fusion-layout-column fusion_builder_column fusion-builder-column-0 fusion_builder_column_1_2 1_2 fusion-flex-column\" style=\"--awb-bg-size:cover;--awb-width-large:50%;--awb-margin-top-large:0px;--awb-spacing-right-large:3.84%;--awb-margin-bottom-large:0px;--awb-spacing-left-large:3.84%;--awb-width-medium:50%;--awb-order-medium:0;--awb-spacing-right-medium:3.84%;--awb-spacing-left-medium:3.84%;--awb-width-small:100%;--awb-order-small:0;--awb-spacing-right-small:1.92%;--awb-spacing-left-small:1.92%;\" data-scroll-devices=\"small-visibility,medium-visibility,large-visibility\"><div class=\"fusion-column-wrapper fusion-column-has-shadow fusion-flex-justify-content-flex-start fusion-content-layout-column\"><div class=\"fusion-image-element \" style=\"--awb-caption-title-font-family:var(--h2_typography-font-family);--awb-caption-title-font-weight:var(--h2_typography-font-weight);--awb-caption-title-font-style:var(--h2_typography-font-style);--awb-caption-title-size:var(--h2_typography-font-size);--awb-caption-title-transform:var(--h2_typography-text-transform);--awb-caption-title-line-height:var(--h2_typography-line-height);--awb-caption-title-letter-spacing:var(--h2_typography-letter-spacing);\"><span class=\" fusion-imageframe imageframe-none imageframe-1 hover-type-none\"><img decoding=\"async\" width=\"576\" height=\"384\" title=\"caste-otazky-kanada\" src=\"https:\/\/www.mountainproguiding.com\/wp-content\/uploads\/2024\/03\/caste-otazky-kanada.jpg\" alt class=\"img-responsive wp-image-735\" srcset=\"https:\/\/www.mountainproguiding.com\/wp-content\/uploads\/2024\/03\/caste-otazky-kanada-200x133.jpg 200w, https:\/\/www.mountainproguiding.com\/wp-content\/uploads\/2024\/03\/caste-otazky-kanada-400x267.jpg 400w, https:\/\/www.mountainproguiding.com\/wp-content\/uploads\/2024\/03\/caste-otazky-kanada.jpg 576w\" sizes=\"(max-width: 640px) 100vw, 576px\" \/><\/span><\/div><\/div><\/div><div class=\"fusion-layout-column fusion_builder_column fusion-builder-column-1 fusion_builder_column_1_2 1_2 fusion-flex-column\" style=\"--awb-padding-top-small:30px;--awb-padding-right-small:20px;--awb-padding-bottom-small:30px;--awb-padding-left-small:20px;--awb-bg-size:cover;--awb-width-large:50%;--awb-margin-top-large:0px;--awb-spacing-right-large:3.84%;--awb-margin-bottom-large:0px;--awb-spacing-left-large:3.84%;--awb-width-medium:50%;--awb-order-medium:0;--awb-spacing-right-medium:3.84%;--awb-spacing-left-medium:3.84%;--awb-width-small:100%;--awb-order-small:0;--awb-spacing-right-small:1.92%;--awb-spacing-left-small:1.92%;\" data-scroll-devices=\"small-visibility,medium-visibility,large-visibility\"><div class=\"fusion-column-wrapper fusion-column-has-shadow fusion-flex-justify-content-flex-start fusion-content-layout-column\"><div class=\"fusion-title title fusion-title-1 fusion-sep-none fusion-title-text fusion-title-size-one\"><h1 class=\"fusion-title-heading title-heading-left\" style=\"margin:0;text-transform:uppercase;\">Frequent Questions<\/h1><\/div><div class=\"fusion-separator\" style=\"align-self: flex-start;margin-right:auto;margin-top:5px;margin-bottom:20px;width:100%;max-width:80px;\"><div class=\"fusion-separator-border sep-single\" style=\"--awb-height:20px;--awb-amount:20px;border-color:var(--awb-color5);border-top-width:3px;\"><\/div><\/div><div class=\"fusion-text fusion-text-1\"><p>How to book a climb?<br \/>\nWhat gear do I need?<br \/>\nHealth insurance?<\/p>\n<p>And other questions&#8230;<\/p>\n<\/div><\/div><\/div><\/div><\/div><div class=\"fusion-fullwidth fullwidth-box fusion-builder-row-2 fusion-flex-container has-pattern-background has-mask-background nonhundred-percent-fullwidth non-hundred-percent-height-scrolling\" style=\"--awb-border-radius-top-left:0px;--awb-border-radius-top-right:0px;--awb-border-radius-bottom-right:0px;--awb-border-radius-bottom-left:0px;--awb-margin-top:60px;--awb-margin-top-small:40px;--awb-flex-wrap:wrap;\" ><div class=\"fusion-builder-row fusion-row fusion-flex-align-items-flex-start fusion-flex-justify-content-center fusion-flex-content-wrap\" style=\"max-width:1248px;margin-left: calc(-4% \/ 2 );margin-right: calc(-4% \/ 2 );\"><div class=\"fusion-layout-column fusion_builder_column fusion-builder-column-2 fusion_builder_column_3_4 3_4 fusion-flex-column\" style=\"--awb-bg-size:cover;--awb-width-large:75%;--awb-margin-top-large:0px;--awb-spacing-right-large:2.56%;--awb-margin-bottom-large:0px;--awb-spacing-left-large:2.56%;--awb-width-medium:100%;--awb-order-medium:0;--awb-spacing-right-medium:1.92%;--awb-spacing-left-medium:1.92%;--awb-width-small:100%;--awb-order-small:0;--awb-spacing-right-small:1.92%;--awb-spacing-left-small:1.92%;\" data-scroll-devices=\"small-visibility,medium-visibility,large-visibility\"><div class=\"fusion-column-wrapper fusion-column-has-shadow fusion-flex-justify-content-flex-start fusion-content-layout-column\"><div class=\"fusion-text fusion-text-2\"><h3>1. Why should I book a mountain guide from Mountain Pro Guiding?<\/h3>\n<p>Our mountain guides are highly qualified &#8211; they have the highest possible education and certification for guiding in the mountains (IFMGA \/ UIAGM), as well as many years of experience resulting from expeditions to the highest mountains not only in Slovakia, but also abroad.<\/p>\n<p>The clients and their safety always come first. Each of our mountain guides is a professional and knows how to assess the current situation of a given ascent, as well as how to assess the conditions of danger, and not only on the mountains.<\/p>\n<p>Furthermore, they will be happy to share their experiences on the mountains with you during the hike, tell you interesting facts about the surroundings and history.<\/p>\n<h3>2. How can I book a mountain guide for a specific date?<\/h3>\n<p>You can book a mountain guide for your desired date you by sending us an email with your request and then your billing information (name, phone, address) or company details. We will issue you an invoice, and only after payment will you have a valid reservationn.<\/p>\n<h3>3. When we have booked a guide for a specific date, how and when do we contact him?<\/h3>\n<p>We will specify the exact time of the meeting with the mountain guide the day before the ascent. The meeting time depends on the weather that day, but it is usually between 5-6am. We contact clients by phone &#8211; mostly by sending an SMS text message with the contact of the assigned mountain guide and the meeting time.<\/p>\n<h3>4. Summer &#8211; What gear and equipment is needed for a peak ascent with a guide in the summer?<\/h3>\n<p><strong>Mandatory equipment<\/strong><\/p>\n<ul>\n<li>High hiking boots with a hard sole<\/li>\n<li>Backpack (30-35 l)<\/li>\n<li>Waterproof clothing &#8211; jacket and pants &#8211; gore-tex or clothing made of other waterproof material<\/li>\n<li>Warm clothes, warm socks<\/li>\n<li>Spare clothes &#8211; packed in a waterproof case (plastic bag)<\/li>\n<li>Sunglasses<\/li>\n<li>Sun cream<\/li>\n<li>Food and liquids (1-2 liters) for the day<\/li>\n<\/ul>\n<p><strong>Technical equipment<\/strong><\/p>\n<p><em>We will provide you with this equipment <strong>for free<\/strong>.<\/em><\/p>\n<ul>\n<li>Climbing harness<\/li>\n<li>Helmet<\/li>\n<li>Lock carabiner<\/li>\n<\/ul>\n<p><strong>Recommended equipment<\/strong><\/p>\n<ul>\n<li>Headlamp<\/li>\n<li>A scarf or cap for the head<\/li>\n<li>Personal first aid kit<\/li>\n<li>Camera<\/li>\n<li>Via ferrata (or cycling) gloves<\/li>\n<\/ul>\n<h3>5. Does the price for guiding include rental of technical equipment?<\/h3>\n<p>The price includes the rental of all technical equipment (helmet, harness, locking carabiner) and in winter the rental of crampons and an ice axe.<\/p>\n<h3>6. Winter &#8211; What gear and equipment is needed for a peak ascent with a guide in the winter?<\/h3>\n<p><strong>Mandatory equipment<\/strong><\/p>\n<ul>\n<li>Winter high hiking boots with a hard sole<\/li>\n<li>Overboots or gaiters<\/li>\n<li>Backpack (30-35 l)<\/li>\n<li>Winter clothing \u2013 2 x thermal underwear, waterproof clothing (jacket, pants), sweatshirt, down jacket, 2 x warm hat, 2 x gloves, warm socks<\/li>\n<li>Spare clothes &#8211; packed in a waterproof case (plastic bag)<\/li>\n<li>Sunglasses<\/li>\n<li>Headlamp<\/li>\n<li>Ski googles<\/li>\n<li>Food and liquids (1-2 liters) for the day<\/li>\n<\/ul>\n<p><strong>Technical equipment<\/strong><\/p>\n<p><em>In addition to avalanche equipment, we will provide you with other equipment <strong>for free<\/strong>.<\/em><\/p>\n<ul>\n<li>Avalanche equipment &#8211; \u200b\u200bavalanche beacon + spare batteries, probe, shovel<\/li>\n<li>Ice axe<\/li>\n<li>Crampons<\/li>\n<li>Helmet<\/li>\n<li>Harness<\/li>\n<li>Lock carabiner<\/li>\n<\/ul>\n<p><strong>Recommended equipment<\/strong><\/p>\n<ul>\n<li>Personal first aid kit<\/li>\n<li>Sun screen<\/li>\n<li>Camera<\/li>\n<\/ul>\n<h3>7. Do you also rent avalanche equipment if needed?<\/h3>\n<p>For safety reasons, <strong>everyone participating in winter activities<\/strong> in the mountains must have avalanche equipment.<\/p>\n<p>If necessary, <strong>we rent avalanche equipment<\/strong> (avalanche beacon + spare batteries, probe, shovel). There is an additional charge of \u20ac10 per person\/day for this gear.<\/p>\n<h3>8. Is mountain insurance included in the price?<\/h3>\n<p>The price of the ascent also includes mountain insurance for the intervention of the mountain rescue on the day of the ascent. The insurance is provided by Union insurance company. In order <strong>for you to have the insurance<\/strong>, you need to send us your name and surname, date of birth, email and phone number of the participants of the climb.<\/p>\n<h3>9. We are planning to climb Gerlachovsky Peak, where does the climb start?<\/h3>\n<p>If you are staying at the hotel Sliezsky dom hotel, the ascent starts in the morning at the hotel, where you will meet the mountain guide. If you are not staying at Sliezsky dom, the ascent starts in Tatransk\u00e1 Polianka, from where we will arrange your export to Sliezsky Dom. The price for transport is \u20ac10 per person in the high season, i.e. from June 1 to October 31. and \u20ac20 per person outside the high season (travel there and back).<\/p>\n<h3>10. How fit do I need to be in order to climb Gerlach and other peaks?<\/h3>\n<p>To climb Gerlach, you must be in good physical condition and have experience with alpine hiking. As an interesting fact, we mention that 7-8-year-old children and also a 78-year-old tourist managed the ascent.<\/p>\n<h3>11. How long does it take to climb Gerlach?<\/h3>\n<p>The time of ascent depends on the fitness of the participants and mountain conditions. The average ascent time is about 8 hours from Sliezsky dom and back, but it can be up to 10 hours depending on the conditions.<\/p>\n<h3>12. What time does the ascent up Gerlachovsky Peak start?<\/h3>\n<p>The ascent starts in the morning between 5.00 and 6.00 am. Meeting time with the mountain guides depends on the weather.<\/p>\n<p>The exact meeting time is always agreed <strong>the day before the ascent<\/strong>.<\/p>\n<h3>13. What if they forecast calls for bad weather?<\/h3>\n<p>If they forecast bad weather for the planned day, we will change the date of the ascent. If another date does not suit you, we will return the money to you.<\/p>\n<h3>14. How many people can 1 mountain guide take to climb Gerlachovsky Peak?<\/h3>\n<p>To climb Gerlachovsky Peak, the mountain guide can take max. 3 persons, and in winter or in wintry conditions max. 2 persons.<\/p>\n<p>It also applies that even during the summer, if it snows or ice forms, the mountain guide can take a max of 2 people. We inform clients about this fact in advance.<\/p>\n<p>The number of people for ascents to peaks and other activities with a mountain guide is according to the regulation of the Association of Mountain Guides of the Slovak Republic (NAHVSR) on the maximum number of clients per one professional IFMGA \/ UIAGM mountain guide.<\/p>\n<h3>15. Can I take a child on a climb or other activity with a mountain guide?<\/h3>\n<p><strong>The minimum age of children<\/strong> to complete the hike is 7 years old. Your child must be in <strong>good shape and have experience in alpine hiking<\/strong>.<\/p>\n<h3>16. Are there any cancellation fees when canceling a tour, activity or course?<\/h3>\n<p>Please, read all the necessary information about reservations, cancellation fees and cancellation of our activities in the general terms and conditions of our company.<\/p>\n<\/div><\/div><\/div><\/div><\/div><div class=\"fusion-fullwidth fullwidth-box fusion-builder-row-3 fusion-flex-container has-pattern-background has-mask-background nonhundred-percent-fullwidth non-hundred-percent-height-scrolling\" style=\"--awb-border-radius-top-left:0px;--awb-border-radius-top-right:0px;--awb-border-radius-bottom-right:0px;--awb-border-radius-bottom-left:0px;--awb-padding-top:40px;--awb-padding-bottom:45px;--awb-margin-top:60px;--awb-background-color:var(--awb-color3);--awb-flex-wrap:wrap;\" ><div class=\"fusion-builder-row fusion-row fusion-flex-align-items-center fusion-flex-content-wrap\" style=\"max-width:1248px;margin-left: calc(-4% \/ 2 );margin-right: calc(-4% \/ 2 );\"><div class=\"fusion-layout-column fusion_builder_column fusion-builder-column-3 fusion_builder_column_1_2 1_2 fusion-flex-column\" style=\"--awb-bg-size:cover;--awb-width-large:50%;--awb-margin-top-large:0px;--awb-spacing-right-large:3.84%;--awb-margin-bottom-large:0px;--awb-spacing-left-large:3.84%;--awb-width-medium:50%;--awb-order-medium:0;--awb-spacing-right-medium:3.84%;--awb-spacing-left-medium:3.84%;--awb-width-small:100%;--awb-order-small:0;--awb-spacing-right-small:1.92%;--awb-spacing-left-small:1.92%;\" data-scroll-devices=\"small-visibility,medium-visibility,large-visibility\"><div class=\"fusion-column-wrapper fusion-column-has-shadow fusion-flex-justify-content-flex-start fusion-content-layout-column\"><div class=\"fusion-image-element \" style=\"text-align:center;--awb-mask-url: url(https:\/\/www.mountainproguiding.com\/wp-content\/plugins\/fusion-builder\/\/assets\/images\/masks\/mask-12.svg);--awb-max-width:200px;--awb-caption-title-font-family:var(--h2_typography-font-family);--awb-caption-title-font-weight:var(--h2_typography-font-weight);--awb-caption-title-font-style:var(--h2_typography-font-style);--awb-caption-title-size:var(--h2_typography-font-size);--awb-caption-title-transform:var(--h2_typography-text-transform);--awb-caption-title-line-height:var(--h2_typography-line-height);--awb-caption-title-letter-spacing:var(--h2_typography-letter-spacing);\"><span class=\" fusion-imageframe imageframe-none imageframe-2 hover-type-none has-mask\"><img decoding=\"async\" width=\"300\" height=\"300\" title=\"mate-otazku-novy\" src=\"https:\/\/www.mountainproguiding.com\/wp-content\/uploads\/2024\/03\/mate-otazku-novy.jpg\" alt class=\"img-responsive wp-image-164\" srcset=\"https:\/\/www.mountainproguiding.com\/wp-content\/uploads\/2024\/03\/mate-otazku-novy-200x200.jpg 200w, https:\/\/www.mountainproguiding.com\/wp-content\/uploads\/2024\/03\/mate-otazku-novy.jpg 300w\" sizes=\"(max-width: 640px) 100vw, 300px\" \/><\/span><\/div><\/div><\/div><div class=\"fusion-layout-column fusion_builder_column fusion-builder-column-4 fusion_builder_column_1_2 1_2 fusion-flex-column\" style=\"--awb-bg-size:cover;--awb-width-large:50%;--awb-margin-top-large:0px;--awb-spacing-right-large:3.84%;--awb-margin-bottom-large:0px;--awb-spacing-left-large:3.84%;--awb-width-medium:50%;--awb-order-medium:0;--awb-spacing-right-medium:3.84%;--awb-spacing-left-medium:3.84%;--awb-width-small:100%;--awb-order-small:0;--awb-margin-top-small:30px;--awb-spacing-right-small:1.92%;--awb-spacing-left-small:1.92%;\" data-scroll-devices=\"small-visibility,medium-visibility,large-visibility\"><div class=\"fusion-column-wrapper fusion-column-has-shadow fusion-flex-justify-content-flex-start fusion-content-layout-column\"><div class=\"fusion-title title fusion-title-2 fusion-sep-none fusion-title-text fusion-title-size-one\"><h1 class=\"fusion-title-heading title-heading-left\" style=\"margin:0;text-transform:uppercase;\">Have a question?<\/h1><\/div><div class=\"fusion-separator\" style=\"align-self: flex-start;margin-right:auto;margin-top:5px;margin-bottom:20px;width:100%;max-width:80px;\"><div class=\"fusion-separator-border sep-single\" style=\"--awb-height:20px;--awb-amount:20px;border-color:var(--awb-color5);border-top-width:3px;\"><\/div><\/div><div class=\"fusion-text fusion-text-3\"><p>We are happy to advise you, help you choose, or prepare a tailor-made adventure. Live your dream.<\/p>\n<\/div><div ><a class=\"fusion-button button-flat fusion-button-default-size button-default fusion-button-default button-1 fusion-button-default-span fusion-button-default-type\" style=\"--button-border-radius-top-left:0;--button-border-radius-top-right:0;--button-border-radius-bottom-right:0;--button-border-radius-bottom-left:0;\" target=\"_self\" href=\"https:\/\/www.mountainproguiding.com\/en\/contact-us\/\"><span class=\"fusion-button-text\">Contact Us<\/span><\/a><\/div><\/div><\/div><\/div><\/div>\n<\/p>\n","protected":false},"excerpt":{"rendered":"","protected":false},"author":1,"featured_media":0,"parent":0,"menu_order":0,"comment_status":"closed","ping_status":"closed","template":"100-width.php","meta":{"footnotes":""},"class_list":["post-1550","page","type-page","status-publish","hentry"],"yoast_head":"<!-- This site is optimized with the Yoast SEO plugin v22.6 - https:\/\/yoast.com\/wordpress\/plugins\/seo\/ -->\n<title>Frequent questions - climbing with mountain guide - Horsk\u00ed vodcovia - Mountain Pro Guiding<\/title>\n<meta name=\"description\" content=\"What gear and clothing do I need? Insurance? How long does climbing a peak take? And similar questions.\" \/>\n<meta name=\"robots\" content=\"index, follow, max-snippet:-1, max-image-preview:large, max-video-preview:-1\" \/>\n<link rel=\"canonical\" href=\"https:\/\/www.mountainproguiding.com\/en\/frequent-questions\/\" \/>\n<meta property=\"og:locale\" content=\"en_US\" \/>\n<meta property=\"og:type\" content=\"article\" \/>\n<meta property=\"og:title\" content=\"Frequent questions - climbing with mountain guide - Horsk\u00ed vodcovia - Mountain Pro Guiding\" \/>\n<meta property=\"og:description\" content=\"What gear and clothing do I need? Insurance? How long does climbing a peak take? And similar questions.\" \/>\n<meta property=\"og:url\" content=\"https:\/\/www.mountainproguiding.com\/en\/frequent-questions\/\" \/>\n<meta property=\"og:site_name\" content=\"Horsk\u00ed vodcovia - Mountain Pro Guiding\" \/>\n<meta property=\"article:modified_time\" content=\"2024-05-02T15:11:13+00:00\" \/>\n<meta name=\"twitter:card\" content=\"summary_large_image\" \/>\n<meta name=\"twitter:label1\" content=\"Est. reading time\" \/>\n\t<meta name=\"twitter:data1\" content=\"7 minutes\" \/>\n<script type=\"application\/ld+json\" class=\"yoast-schema-graph\">{\"@context\":\"https:\/\/schema.org\",\"@graph\":[{\"@type\":\"WebPage\",\"@id\":\"https:\/\/www.mountainproguiding.com\/en\/frequent-questions\/\",\"url\":\"https:\/\/www.mountainproguiding.com\/en\/frequent-questions\/\",\"name\":\"Frequent questions - climbing with mountain guide - Horsk\u00ed vodcovia - Mountain Pro Guiding\",\"isPartOf\":{\"@id\":\"https:\/\/www.mountainproguiding.com\/#website\"},\"datePublished\":\"2024-04-30T23:01:19+00:00\",\"dateModified\":\"2024-05-02T15:11:13+00:00\",\"description\":\"What gear and clothing do I need? Insurance? How long does climbing a peak take? And similar questions.\",\"breadcrumb\":{\"@id\":\"https:\/\/www.mountainproguiding.com\/en\/frequent-questions\/#breadcrumb\"},\"inLanguage\":\"en-US\",\"potentialAction\":[{\"@type\":\"ReadAction\",\"target\":[\"https:\/\/www.mountainproguiding.com\/en\/frequent-questions\/\"]}]},{\"@type\":\"BreadcrumbList\",\"@id\":\"https:\/\/www.mountainproguiding.com\/en\/frequent-questions\/#breadcrumb\",\"itemListElement\":[{\"@type\":\"ListItem\",\"position\":1,\"name\":\"Domovsk\u00e1 str\u00e1nka\",\"item\":\"https:\/\/www.mountainproguiding.com\/en\/\"},{\"@type\":\"ListItem\",\"position\":2,\"name\":\"Frequent questions\"}]},{\"@type\":\"WebSite\",\"@id\":\"https:\/\/www.mountainproguiding.com\/#website\",\"url\":\"https:\/\/www.mountainproguiding.com\/\",\"name\":\"Horsk\u00ed vodcovia - Mountain Pro Guiding\",\"description\":\"Horsk\u00ed vodcovia z Mountain Pro Guiding - Vysok\u00e9 Tatry\",\"potentialAction\":[{\"@type\":\"SearchAction\",\"target\":{\"@type\":\"EntryPoint\",\"urlTemplate\":\"https:\/\/www.mountainproguiding.com\/?s={search_term_string}\"},\"query-input\":\"required name=search_term_string\"}],\"inLanguage\":\"en-US\"}]}<\/script>\n<!-- \/ Yoast SEO plugin. -->","yoast_head_json":{"title":"Frequent questions - climbing with mountain guide - Horsk\u00ed vodcovia - Mountain Pro Guiding","description":"What gear and clothing do I need? Insurance? How long does climbing a peak take? And similar questions.","robots":{"index":"index","follow":"follow","max-snippet":"max-snippet:-1","max-image-preview":"max-image-preview:large","max-video-preview":"max-video-preview:-1"},"canonical":"https:\/\/www.mountainproguiding.com\/en\/frequent-questions\/","og_locale":"en_US","og_type":"article","og_title":"Frequent questions - climbing with mountain guide - Horsk\u00ed vodcovia - Mountain Pro Guiding","og_description":"What gear and clothing do I need? Insurance? How long does climbing a peak take? And similar questions.","og_url":"https:\/\/www.mountainproguiding.com\/en\/frequent-questions\/","og_site_name":"Horsk\u00ed vodcovia - Mountain Pro Guiding","article_modified_time":"2024-05-02T15:11:13+00:00","twitter_card":"summary_large_image","twitter_misc":{"Est. reading time":"7 minutes"},"schema":{"@context":"https:\/\/schema.org","@graph":[{"@type":"WebPage","@id":"https:\/\/www.mountainproguiding.com\/en\/frequent-questions\/","url":"https:\/\/www.mountainproguiding.com\/en\/frequent-questions\/","name":"Frequent questions - climbing with mountain guide - Horsk\u00ed vodcovia - Mountain Pro Guiding","isPartOf":{"@id":"https:\/\/www.mountainproguiding.com\/#website"},"datePublished":"2024-04-30T23:01:19+00:00","dateModified":"2024-05-02T15:11:13+00:00","description":"What gear and clothing do I need? Insurance? How long does climbing a peak take? And similar questions.","breadcrumb":{"@id":"https:\/\/www.mountainproguiding.com\/en\/frequent-questions\/#breadcrumb"},"inLanguage":"en-US","potentialAction":[{"@type":"ReadAction","target":["https:\/\/www.mountainproguiding.com\/en\/frequent-questions\/"]}]},{"@type":"BreadcrumbList","@id":"https:\/\/www.mountainproguiding.com\/en\/frequent-questions\/#breadcrumb","itemListElement":[{"@type":"ListItem","position":1,"name":"Domovsk\u00e1 str\u00e1nka","item":"https:\/\/www.mountainproguiding.com\/en\/"},{"@type":"ListItem","position":2,"name":"Frequent questions"}]},{"@type":"WebSite","@id":"https:\/\/www.mountainproguiding.com\/#website","url":"https:\/\/www.mountainproguiding.com\/","name":"Horsk\u00ed vodcovia - Mountain Pro Guiding","description":"Horsk\u00ed vodcovia z Mountain Pro Guiding - Vysok\u00e9 Tatry","potentialAction":[{"@type":"SearchAction","target":{"@type":"EntryPoint","urlTemplate":"https:\/\/www.mountainproguiding.com\/?s={search_term_string}"},"query-input":"required name=search_term_string"}],"inLanguage":"en-US"}]}},"_links":{"self":[{"href":"https:\/\/www.mountainproguiding.com\/en\/wp-json\/wp\/v2\/pages\/1550","targetHints":{"allow":["GET"]}}],"collection":[{"href":"https:\/\/www.mountainproguiding.com\/en\/wp-json\/wp\/v2\/pages"}],"about":[{"href":"https:\/\/www.mountainproguiding.com\/en\/wp-json\/wp\/v2\/types\/page"}],"author":[{"embeddable":true,"href":"https:\/\/www.mountainproguiding.com\/en\/wp-json\/wp\/v2\/users\/1"}],"replies":[{"embeddable":true,"href":"https:\/\/www.mountainproguiding.com\/en\/wp-json\/wp\/v2\/comments?post=1550"}],"version-history":[{"count":1,"href":"https:\/\/www.mountainproguiding.com\/en\/wp-json\/wp\/v2\/pages\/1550\/revisions"}],"predecessor-version":[{"id":1841,"href":"https:\/\/www.mountainproguiding.com\/en\/wp-json\/wp\/v2\/pages\/1550\/revisions\/1841"}],"wp:attachment":[{"href":"https:\/\/www.mountainproguiding.com\/en\/wp-json\/wp\/v2\/media?parent=1550"}],"curies":[{"name":"wp","href":"https:\/\/api.w.org\/{rel}","templated":true}]}}