{"id":1557,"date":"2024-05-01T01:01:50","date_gmt":"2024-04-30T23:01:50","guid":{"rendered":"https:\/\/www.mountainproguiding.com\/ubytovanie-vysoke-tatry\/"},"modified":"2024-05-02T17:11:04","modified_gmt":"2024-05-02T15:11:04","slug":"accommodation-high-tatras","status":"publish","type":"page","link":"https:\/\/www.mountainproguiding.com\/en\/accommodation-high-tatras\/","title":{"rendered":"Accommodation Privat Sherpa"},"content":{"rendered":"<p><div class=\"fusion-fullwidth fullwidth-box fusion-builder-row-1 fusion-flex-container has-pattern-background has-mask-background page-header-container nonhundred-percent-fullwidth non-hundred-percent-height-scrolling\" style=\"--awb-border-radius-top-left:0px;--awb-border-radius-top-right:0px;--awb-border-radius-bottom-right:0px;--awb-border-radius-bottom-left:0px;--awb-padding-top-small:0px;--awb-padding-right-small:0px;--awb-padding-bottom-small:0px;--awb-padding-left-small:0px;--awb-background-color:var(--awb-color4);--awb-flex-wrap:wrap;\" ><div class=\"fusion-builder-row fusion-row fusion-flex-align-items-center fusion-flex-content-wrap\" style=\"max-width:1248px;margin-left: calc(-4% \/ 2 );margin-right: calc(-4% \/ 2 );\"><div class=\"fusion-layout-column fusion_builder_column fusion-builder-column-0 fusion_builder_column_1_2 1_2 fusion-flex-column\" style=\"--awb-bg-size:cover;--awb-width-large:50%;--awb-margin-top-large:0px;--awb-spacing-right-large:3.84%;--awb-margin-bottom-large:0px;--awb-spacing-left-large:3.84%;--awb-width-medium:50%;--awb-order-medium:0;--awb-spacing-right-medium:3.84%;--awb-spacing-left-medium:3.84%;--awb-width-small:100%;--awb-order-small:0;--awb-spacing-right-small:1.92%;--awb-spacing-left-small:1.92%;\" data-scroll-devices=\"small-visibility,medium-visibility,large-visibility\"><div class=\"fusion-column-wrapper fusion-column-has-shadow fusion-flex-justify-content-flex-start fusion-content-layout-column\"><div class=\"fusion-image-carousel fusion-image-carousel-auto fusion-image-carousel-1\" style=\"margin-top:-8px;margin-bottom:-12px;\"><div class=\"awb-carousel awb-swiper awb-swiper-carousel\" data-autoplay=\"yes\" data-columns=\"1\" data-itemmargin=\"13\" data-itemwidth=\"180\" data-touchscroll=\"no\" data-imagesize=\"auto\" style=\"--awb-columns:1;\"><div class=\"swiper-wrapper awb-image-carousel-wrapper fusion-flex-align-items-center\"><div class=\"swiper-slide\"><div class=\"fusion-carousel-item-wrapper\"><div class=\"fusion-image-wrapper hover-type-none\"><img decoding=\"async\" width=\"576\" height=\"384\" src=\"https:\/\/www.mountainproguiding.com\/wp-content\/uploads\/2024\/03\/ubytovanie.jpg\" class=\"attachment-full size-full\" alt=\"\" srcset=\"https:\/\/www.mountainproguiding.com\/wp-content\/uploads\/2024\/03\/ubytovanie-200x133.jpg 200w, https:\/\/www.mountainproguiding.com\/wp-content\/uploads\/2024\/03\/ubytovanie-300x200.jpg 300w, https:\/\/www.mountainproguiding.com\/wp-content\/uploads\/2024\/03\/ubytovanie-400x267.jpg 400w, https:\/\/www.mountainproguiding.com\/wp-content\/uploads\/2024\/03\/ubytovanie.jpg 576w\" sizes=\"(max-width: 576px) 100vw, 576px\" \/><\/div><\/div><\/div><div class=\"swiper-slide\"><div class=\"fusion-carousel-item-wrapper\"><div class=\"fusion-image-wrapper hover-type-none\"><img decoding=\"async\" width=\"576\" height=\"384\" src=\"https:\/\/www.mountainproguiding.com\/wp-content\/uploads\/2024\/03\/ubytovanie-2.jpg\" class=\"attachment-full size-full\" alt=\"\" srcset=\"https:\/\/www.mountainproguiding.com\/wp-content\/uploads\/2024\/03\/ubytovanie-2-200x133.jpg 200w, https:\/\/www.mountainproguiding.com\/wp-content\/uploads\/2024\/03\/ubytovanie-2-300x200.jpg 300w, https:\/\/www.mountainproguiding.com\/wp-content\/uploads\/2024\/03\/ubytovanie-2-400x267.jpg 400w, https:\/\/www.mountainproguiding.com\/wp-content\/uploads\/2024\/03\/ubytovanie-2.jpg 576w\" sizes=\"(max-width: 576px) 100vw, 576px\" \/><\/div><\/div><\/div><div class=\"swiper-slide\"><div class=\"fusion-carousel-item-wrapper\"><div class=\"fusion-image-wrapper hover-type-none\"><img decoding=\"async\" width=\"576\" height=\"384\" src=\"https:\/\/www.mountainproguiding.com\/wp-content\/uploads\/2024\/03\/ubytovanie-3.jpg\" class=\"attachment-full size-full\" alt=\"\" srcset=\"https:\/\/www.mountainproguiding.com\/wp-content\/uploads\/2024\/03\/ubytovanie-3-200x133.jpg 200w, https:\/\/www.mountainproguiding.com\/wp-content\/uploads\/2024\/03\/ubytovanie-3-300x200.jpg 300w, https:\/\/www.mountainproguiding.com\/wp-content\/uploads\/2024\/03\/ubytovanie-3-400x267.jpg 400w, https:\/\/www.mountainproguiding.com\/wp-content\/uploads\/2024\/03\/ubytovanie-3.jpg 576w\" sizes=\"(max-width: 576px) 100vw, 576px\" \/><\/div><\/div><\/div><\/div><\/div><\/div><\/div><\/div><div class=\"fusion-layout-column fusion_builder_column fusion-builder-column-1 fusion_builder_column_1_2 1_2 fusion-flex-column\" style=\"--awb-padding-top-small:30px;--awb-padding-right-small:20px;--awb-padding-bottom-small:30px;--awb-padding-left-small:20px;--awb-bg-size:cover;--awb-width-large:50%;--awb-margin-top-large:0px;--awb-spacing-right-large:3.84%;--awb-margin-bottom-large:0px;--awb-spacing-left-large:3.84%;--awb-width-medium:50%;--awb-order-medium:0;--awb-spacing-right-medium:3.84%;--awb-spacing-left-medium:3.84%;--awb-width-small:100%;--awb-order-small:0;--awb-spacing-right-small:1.92%;--awb-spacing-left-small:1.92%;\" data-scroll-devices=\"small-visibility,medium-visibility,large-visibility\"><div class=\"fusion-column-wrapper fusion-column-has-shadow fusion-flex-justify-content-flex-start fusion-content-layout-column\"><div class=\"fusion-title title fusion-title-1 fusion-sep-none fusion-title-text fusion-title-size-one\"><h1 class=\"fusion-title-heading title-heading-left\" style=\"margin:0;text-transform:uppercase;\"><p>Accommodation at<br \/>\nSherpa Guest House<\/p><\/h1><\/div><div class=\"fusion-separator\" style=\"align-self: flex-start;margin-right:auto;margin-top:5px;margin-bottom:20px;width:100%;max-width:80px;\"><div class=\"fusion-separator-border sep-single\" style=\"--awb-height:20px;--awb-amount:20px;border-color:var(--awb-color5);border-top-width:3px;\"><\/div><\/div><div class=\"fusion-text fusion-text-1\"><p>In addition to using the services of our mountain guides, we also offer you the option of accommodation in our Sherpa guest house in Nov\u00e1 Lesn\u00e1.<\/p>\n<\/div><\/div><\/div><\/div><\/div><div class=\"fusion-fullwidth fullwidth-box fusion-builder-row-2 fusion-flex-container has-pattern-background has-mask-background nonhundred-percent-fullwidth non-hundred-percent-height-scrolling\" style=\"--awb-border-radius-top-left:0px;--awb-border-radius-top-right:0px;--awb-border-radius-bottom-right:0px;--awb-border-radius-bottom-left:0px;--awb-margin-top:50px;--awb-flex-wrap:wrap;\" ><div class=\"fusion-builder-row fusion-row fusion-flex-align-items-center fusion-flex-content-wrap\" style=\"max-width:1248px;margin-left: calc(-4% \/ 2 );margin-right: calc(-4% \/ 2 );\"><div class=\"fusion-layout-column fusion_builder_column fusion-builder-column-2 fusion_builder_column_1_2 1_2 fusion-flex-column\" style=\"--awb-bg-size:cover;--awb-width-large:50%;--awb-margin-top-large:0px;--awb-spacing-right-large:3.84%;--awb-margin-bottom-large:0px;--awb-spacing-left-large:3.84%;--awb-width-medium:50%;--awb-order-medium:0;--awb-spacing-right-medium:3.84%;--awb-spacing-left-medium:3.84%;--awb-width-small:100%;--awb-order-small:0;--awb-spacing-right-small:1.92%;--awb-spacing-left-small:1.92%;\"><div class=\"fusion-column-wrapper fusion-column-has-shadow fusion-flex-justify-content-flex-start fusion-content-layout-column\"><div class=\"fusion-title title fusion-title-2 fusion-sep-none fusion-title-text fusion-title-size-two\"><h2 class=\"fusion-title-heading title-heading-left\" style=\"margin:0;text-transform:uppercase;\">Right in the High Tatras<\/h2><\/div><div class=\"fusion-separator\" style=\"align-self: flex-start;margin-right:auto;margin-top:0px;margin-bottom:15px;width:100%;max-width:80px;\"><div class=\"fusion-separator-border sep-single\" style=\"--awb-height:20px;--awb-amount:20px;border-color:var(--awb-color5);border-top-width:3px;\"><\/div><\/div><div class=\"fusion-text fusion-text-2\"><p>During your stay in the beautiful region of the High Tatras, we will be happy to take care of you and provide you with the opportunity to relax undisturbed.<\/p>\n<p>Our accommodation facility is located in the beautiful village of Nov\u00e1 Lesn\u00e1 directly below the High Tatras, in the heart of Europe, and allows easy access to various attractions in the area.<\/p>\n<\/div><\/div><\/div><div class=\"fusion-layout-column fusion_builder_column fusion-builder-column-3 fusion_builder_column_1_2 1_2 fusion-flex-column\" style=\"--awb-bg-size:cover;--awb-width-large:50%;--awb-margin-top-large:0px;--awb-spacing-right-large:3.84%;--awb-margin-bottom-large:0px;--awb-spacing-left-large:3.84%;--awb-width-medium:50%;--awb-order-medium:0;--awb-spacing-right-medium:3.84%;--awb-spacing-left-medium:3.84%;--awb-width-small:100%;--awb-order-small:0;--awb-spacing-right-small:1.92%;--awb-spacing-left-small:1.92%;\"><div class=\"fusion-column-wrapper fusion-column-has-shadow fusion-flex-justify-content-flex-start fusion-content-layout-column\"><div class=\"fusion-separator fusion-no-medium-visibility fusion-no-large-visibility fusion-full-width-sep\" style=\"align-self: center;margin-left: auto;margin-right: auto;margin-top:20px;width:100%;\"><\/div><div style=\"text-align:center;\"><a class=\"fusion-button button-flat fusion-button-default-size button-default fusion-button-default button-1 fusion-button-default-span fusion-button-default-type\" style=\"--button-border-radius-top-left:0;--button-border-radius-top-right:0;--button-border-radius-bottom-right:0;--button-border-radius-bottom-left:0;\" target=\"_self\" href=\"https:\/\/www.mountainproguiding.com\/kontakt-objednat\/\"><span class=\"fusion-button-text\">Contact + Booking<\/span><\/a><\/div><div class=\"fusion-separator fusion-full-width-sep\" style=\"align-self: center;margin-left: auto;margin-right: auto;margin-top:30px;width:100%;\"><\/div><div class=\"fusion-text fusion-text-3\" style=\"--awb-content-alignment:center;\"><p><strong>For the price list<\/strong> and more information, send us an e-mail or visit the website of the Sherpa guest house &#8211; <a href=\"http:\/\/privatsherpa.sk\/\" target=\"_blank\" rel=\"noopener\">www.privatsherpa.sk<\/a><\/p>\n<\/div><\/div><\/div><\/div><\/div><div class=\"fusion-fullwidth fullwidth-box fusion-builder-row-3 fusion-flex-container has-pattern-background has-mask-background nonhundred-percent-fullwidth non-hundred-percent-height-scrolling\" style=\"--awb-border-radius-top-left:0px;--awb-border-radius-top-right:0px;--awb-border-radius-bottom-right:0px;--awb-border-radius-bottom-left:0px;--awb-margin-top:40px;--awb-margin-top-small:30px;--awb-flex-wrap:wrap;\" ><div class=\"fusion-builder-row fusion-row fusion-flex-align-items-flex-start fusion-flex-content-wrap\" style=\"max-width:1248px;margin-left: calc(-4% \/ 2 );margin-right: calc(-4% \/ 2 );\"><div class=\"fusion-layout-column fusion_builder_column fusion-builder-column-4 fusion_builder_column_1_2 1_2 fusion-flex-column\" style=\"--awb-bg-size:cover;--awb-width-large:50%;--awb-margin-top-large:0px;--awb-spacing-right-large:3.84%;--awb-margin-bottom-large:0px;--awb-spacing-left-large:3.84%;--awb-width-medium:50%;--awb-order-medium:0;--awb-spacing-right-medium:3.84%;--awb-spacing-left-medium:3.84%;--awb-width-small:100%;--awb-order-small:0;--awb-spacing-right-small:1.92%;--awb-spacing-left-small:1.92%;\"><div class=\"fusion-column-wrapper fusion-column-has-shadow fusion-flex-justify-content-flex-start fusion-content-layout-column\"><div class=\"fusion-title title fusion-title-3 fusion-sep-none fusion-title-text fusion-title-size-two\"><h2 class=\"fusion-title-heading title-heading-left\" style=\"margin:0;text-transform:uppercase;\">Amenities<\/h2><\/div><div class=\"fusion-separator\" style=\"align-self: flex-start;margin-right:auto;margin-top:0px;margin-bottom:15px;width:100%;max-width:80px;\"><div class=\"fusion-separator-border sep-single\" style=\"--awb-height:20px;--awb-amount:20px;border-color:var(--awb-color5);border-top-width:3px;\"><\/div><\/div><div class=\"fusion-text fusion-text-4\"><p>In our Sherpa guest house, you can cook in <strong>fully equipped kitchens<\/strong>.<\/p>\n<p><strong>Parking<\/strong> is not a problem. You can park your car safely and free of charge in the yard behind the guest house.<\/p>\n<p>Our guest house offers double, triple and quadruple rooms.<\/p>\n<p>All rooms have their own bathroom facilities and a modern equipped kitchen. There is also a common room with a TV in the private house.<\/p>\n<\/div><\/div><\/div><div class=\"fusion-layout-column fusion_builder_column fusion-builder-column-5 fusion_builder_column_1_2 1_2 fusion-flex-column\" style=\"--awb-bg-size:cover;--awb-width-large:50%;--awb-margin-top-large:0px;--awb-spacing-right-large:3.84%;--awb-margin-bottom-large:0px;--awb-spacing-left-large:3.84%;--awb-width-medium:50%;--awb-order-medium:0;--awb-spacing-right-medium:3.84%;--awb-spacing-left-medium:3.84%;--awb-width-small:100%;--awb-order-small:0;--awb-spacing-right-small:1.92%;--awb-spacing-left-small:1.92%;\"><div class=\"fusion-column-wrapper fusion-column-has-shadow fusion-flex-justify-content-flex-start fusion-content-layout-column\"><div class=\"fusion-title title fusion-title-4 fusion-sep-none fusion-title-text fusion-title-size-two\"><h2 class=\"fusion-title-heading title-heading-left\" style=\"margin:0;text-transform:uppercase;\">Location + more<\/h2><\/div><div class=\"fusion-separator\" style=\"align-self: flex-start;margin-right:auto;margin-top:0px;margin-bottom:15px;width:100%;max-width:80px;\"><div class=\"fusion-separator-border sep-single\" style=\"--awb-height:20px;--awb-amount:20px;border-color:var(--awb-color5);border-top-width:3px;\"><\/div><\/div><div class=\"fusion-text fusion-text-5\"><p>You can get to our guest house <strong>very easily<\/strong> by car, buses and the Tatra electric railway. Guest house Sherpa is located in the village of Nov\u00e1 Lesn\u00e1 that is 8 km from the town of Poprad and 5 km from Star\u00fd Smokovec.<\/p>\n<p>Accommodation for <strong>children<\/strong> under the age of three is free.<\/p>\n<p>A <strong>discount<\/strong> on accommodation prices is possible for stays longer than 10 days.<\/p>\n<\/div><\/div><\/div><\/div><\/div><div class=\"fusion-fullwidth fullwidth-box fusion-builder-row-4 fusion-flex-container has-pattern-background has-mask-background nonhundred-percent-fullwidth non-hundred-percent-height-scrolling\" style=\"--awb-border-radius-top-left:0px;--awb-border-radius-top-right:0px;--awb-border-radius-bottom-right:0px;--awb-border-radius-bottom-left:0px;--awb-padding-top:40px;--awb-padding-bottom:45px;--awb-margin-top:60px;--awb-background-color:var(--awb-color3);--awb-flex-wrap:wrap;\" ><div class=\"fusion-builder-row fusion-row fusion-flex-align-items-center fusion-flex-content-wrap\" style=\"max-width:1248px;margin-left: calc(-4% \/ 2 );margin-right: calc(-4% \/ 2 );\"><div class=\"fusion-layout-column fusion_builder_column fusion-builder-column-6 fusion_builder_column_1_2 1_2 fusion-flex-column\" style=\"--awb-bg-size:cover;--awb-width-large:50%;--awb-margin-top-large:0px;--awb-spacing-right-large:3.84%;--awb-margin-bottom-large:0px;--awb-spacing-left-large:3.84%;--awb-width-medium:50%;--awb-order-medium:0;--awb-spacing-right-medium:3.84%;--awb-spacing-left-medium:3.84%;--awb-width-small:100%;--awb-order-small:0;--awb-spacing-right-small:1.92%;--awb-spacing-left-small:1.92%;\" data-scroll-devices=\"small-visibility,medium-visibility,large-visibility\"><div class=\"fusion-column-wrapper fusion-column-has-shadow fusion-flex-justify-content-flex-start fusion-content-layout-column\"><div class=\"fusion-image-element \" style=\"text-align:center;--awb-mask-url: url(https:\/\/www.mountainproguiding.com\/wp-content\/plugins\/fusion-builder\/\/assets\/images\/masks\/mask-12.svg);--awb-max-width:200px;--awb-caption-title-font-family:var(--h2_typography-font-family);--awb-caption-title-font-weight:var(--h2_typography-font-weight);--awb-caption-title-font-style:var(--h2_typography-font-style);--awb-caption-title-size:var(--h2_typography-font-size);--awb-caption-title-transform:var(--h2_typography-text-transform);--awb-caption-title-line-height:var(--h2_typography-line-height);--awb-caption-title-letter-spacing:var(--h2_typography-letter-spacing);\"><span class=\" fusion-imageframe imageframe-none imageframe-1 hover-type-none has-mask\"><img decoding=\"async\" width=\"300\" height=\"300\" title=\"mate-otazku-novy\" src=\"https:\/\/www.mountainproguiding.com\/wp-content\/uploads\/2024\/03\/mate-otazku-novy.jpg\" alt class=\"img-responsive wp-image-164\" srcset=\"https:\/\/www.mountainproguiding.com\/wp-content\/uploads\/2024\/03\/mate-otazku-novy-200x200.jpg 200w, https:\/\/www.mountainproguiding.com\/wp-content\/uploads\/2024\/03\/mate-otazku-novy.jpg 300w\" sizes=\"(max-width: 640px) 100vw, 300px\" \/><\/span><\/div><\/div><\/div><div class=\"fusion-layout-column fusion_builder_column fusion-builder-column-7 fusion_builder_column_1_2 1_2 fusion-flex-column\" style=\"--awb-bg-size:cover;--awb-width-large:50%;--awb-margin-top-large:0px;--awb-spacing-right-large:3.84%;--awb-margin-bottom-large:0px;--awb-spacing-left-large:3.84%;--awb-width-medium:50%;--awb-order-medium:0;--awb-spacing-right-medium:3.84%;--awb-spacing-left-medium:3.84%;--awb-width-small:100%;--awb-order-small:0;--awb-margin-top-small:30px;--awb-spacing-right-small:1.92%;--awb-spacing-left-small:1.92%;\" data-scroll-devices=\"small-visibility,medium-visibility,large-visibility\"><div class=\"fusion-column-wrapper fusion-column-has-shadow fusion-flex-justify-content-flex-start fusion-content-layout-column\"><div class=\"fusion-title title fusion-title-5 fusion-sep-none fusion-title-text fusion-title-size-one\"><h1 class=\"fusion-title-heading title-heading-left\" style=\"margin:0;text-transform:uppercase;\">Have a question?<\/h1><\/div><div class=\"fusion-separator\" style=\"align-self: flex-start;margin-right:auto;margin-top:5px;margin-bottom:20px;width:100%;max-width:80px;\"><div class=\"fusion-separator-border sep-single\" style=\"--awb-height:20px;--awb-amount:20px;border-color:var(--awb-color5);border-top-width:3px;\"><\/div><\/div><div class=\"fusion-text fusion-text-6\"><p>We are happy to advise you, help you choose, or prepare a tailor-made adventure. Live your dream.<\/p>\n<\/div><div ><a class=\"fusion-button button-flat fusion-button-default-size button-default fusion-button-default button-2 fusion-button-default-span fusion-button-default-type\" style=\"--button-border-radius-top-left:0;--button-border-radius-top-right:0;--button-border-radius-bottom-right:0;--button-border-radius-bottom-left:0;\" target=\"_self\" href=\"https:\/\/www.mountainproguiding.com\/en\/contact-us\/\"><span class=\"fusion-button-text\">Contact Us<\/span><\/a><\/div><\/div><\/div><\/div><\/div>\n<\/p>\n","protected":false},"excerpt":{"rendered":"","protected":false},"author":1,"featured_media":0,"parent":0,"menu_order":0,"comment_status":"closed","ping_status":"closed","template":"100-width.php","meta":{"footnotes":""},"class_list":["post-1557","page","type-page","status-publish","hentry"],"yoast_head":"<!-- This site is optimized with the Yoast SEO plugin v22.6 - https:\/\/yoast.com\/wordpress\/plugins\/seo\/ -->\n<title>Accommodation at Sherpa Guest House - Horsk\u00ed vodcovia - Mountain Pro Guiding<\/title>\n<meta name=\"robots\" content=\"index, follow, max-snippet:-1, max-image-preview:large, max-video-preview:-1\" \/>\n<link rel=\"canonical\" href=\"https:\/\/www.mountainproguiding.com\/en\/accommodation-high-tatras\/\" \/>\n<meta property=\"og:locale\" content=\"en_US\" \/>\n<meta property=\"og:type\" content=\"article\" \/>\n<meta property=\"og:title\" content=\"Accommodation at Sherpa Guest House - Horsk\u00ed vodcovia - Mountain Pro Guiding\" \/>\n<meta property=\"og:url\" content=\"https:\/\/www.mountainproguiding.com\/en\/accommodation-high-tatras\/\" \/>\n<meta property=\"og:site_name\" content=\"Horsk\u00ed vodcovia - Mountain Pro Guiding\" \/>\n<meta property=\"article:modified_time\" content=\"2024-05-02T15:11:04+00:00\" \/>\n<meta name=\"twitter:card\" content=\"summary_large_image\" \/>\n<meta name=\"twitter:label1\" content=\"Est. reading time\" \/>\n\t<meta name=\"twitter:data1\" content=\"3 minutes\" \/>\n<script type=\"application\/ld+json\" class=\"yoast-schema-graph\">{\"@context\":\"https:\/\/schema.org\",\"@graph\":[{\"@type\":\"WebPage\",\"@id\":\"https:\/\/www.mountainproguiding.com\/en\/accommodation-high-tatras\/\",\"url\":\"https:\/\/www.mountainproguiding.com\/en\/accommodation-high-tatras\/\",\"name\":\"Accommodation at Sherpa Guest House - Horsk\u00ed vodcovia - Mountain Pro Guiding\",\"isPartOf\":{\"@id\":\"https:\/\/www.mountainproguiding.com\/#website\"},\"datePublished\":\"2024-04-30T23:01:50+00:00\",\"dateModified\":\"2024-05-02T15:11:04+00:00\",\"breadcrumb\":{\"@id\":\"https:\/\/www.mountainproguiding.com\/en\/accommodation-high-tatras\/#breadcrumb\"},\"inLanguage\":\"en-US\",\"potentialAction\":[{\"@type\":\"ReadAction\",\"target\":[\"https:\/\/www.mountainproguiding.com\/en\/accommodation-high-tatras\/\"]}]},{\"@type\":\"BreadcrumbList\",\"@id\":\"https:\/\/www.mountainproguiding.com\/en\/accommodation-high-tatras\/#breadcrumb\",\"itemListElement\":[{\"@type\":\"ListItem\",\"position\":1,\"name\":\"Domovsk\u00e1 str\u00e1nka\",\"item\":\"https:\/\/www.mountainproguiding.com\/en\/\"},{\"@type\":\"ListItem\",\"position\":2,\"name\":\"Accommodation Privat Sherpa\"}]},{\"@type\":\"WebSite\",\"@id\":\"https:\/\/www.mountainproguiding.com\/#website\",\"url\":\"https:\/\/www.mountainproguiding.com\/\",\"name\":\"Horsk\u00ed vodcovia - Mountain Pro Guiding\",\"description\":\"Horsk\u00ed vodcovia z Mountain Pro Guiding - Vysok\u00e9 Tatry\",\"potentialAction\":[{\"@type\":\"SearchAction\",\"target\":{\"@type\":\"EntryPoint\",\"urlTemplate\":\"https:\/\/www.mountainproguiding.com\/?s={search_term_string}\"},\"query-input\":\"required name=search_term_string\"}],\"inLanguage\":\"en-US\"}]}<\/script>\n<!-- \/ Yoast SEO plugin. -->","yoast_head_json":{"title":"Accommodation at Sherpa Guest House - Horsk\u00ed vodcovia - Mountain Pro Guiding","robots":{"index":"index","follow":"follow","max-snippet":"max-snippet:-1","max-image-preview":"max-image-preview:large","max-video-preview":"max-video-preview:-1"},"canonical":"https:\/\/www.mountainproguiding.com\/en\/accommodation-high-tatras\/","og_locale":"en_US","og_type":"article","og_title":"Accommodation at Sherpa Guest House - Horsk\u00ed vodcovia - Mountain Pro Guiding","og_url":"https:\/\/www.mountainproguiding.com\/en\/accommodation-high-tatras\/","og_site_name":"Horsk\u00ed vodcovia - Mountain Pro Guiding","article_modified_time":"2024-05-02T15:11:04+00:00","twitter_card":"summary_large_image","twitter_misc":{"Est. reading time":"3 minutes"},"schema":{"@context":"https:\/\/schema.org","@graph":[{"@type":"WebPage","@id":"https:\/\/www.mountainproguiding.com\/en\/accommodation-high-tatras\/","url":"https:\/\/www.mountainproguiding.com\/en\/accommodation-high-tatras\/","name":"Accommodation at Sherpa Guest House - Horsk\u00ed vodcovia - Mountain Pro Guiding","isPartOf":{"@id":"https:\/\/www.mountainproguiding.com\/#website"},"datePublished":"2024-04-30T23:01:50+00:00","dateModified":"2024-05-02T15:11:04+00:00","breadcrumb":{"@id":"https:\/\/www.mountainproguiding.com\/en\/accommodation-high-tatras\/#breadcrumb"},"inLanguage":"en-US","potentialAction":[{"@type":"ReadAction","target":["https:\/\/www.mountainproguiding.com\/en\/accommodation-high-tatras\/"]}]},{"@type":"BreadcrumbList","@id":"https:\/\/www.mountainproguiding.com\/en\/accommodation-high-tatras\/#breadcrumb","itemListElement":[{"@type":"ListItem","position":1,"name":"Domovsk\u00e1 str\u00e1nka","item":"https:\/\/www.mountainproguiding.com\/en\/"},{"@type":"ListItem","position":2,"name":"Accommodation Privat Sherpa"}]},{"@type":"WebSite","@id":"https:\/\/www.mountainproguiding.com\/#website","url":"https:\/\/www.mountainproguiding.com\/","name":"Horsk\u00ed vodcovia - Mountain Pro Guiding","description":"Horsk\u00ed vodcovia z Mountain Pro Guiding - Vysok\u00e9 Tatry","potentialAction":[{"@type":"SearchAction","target":{"@type":"EntryPoint","urlTemplate":"https:\/\/www.mountainproguiding.com\/?s={search_term_string}"},"query-input":"required name=search_term_string"}],"inLanguage":"en-US"}]}},"_links":{"self":[{"href":"https:\/\/www.mountainproguiding.com\/en\/wp-json\/wp\/v2\/pages\/1557","targetHints":{"allow":["GET"]}}],"collection":[{"href":"https:\/\/www.mountainproguiding.com\/en\/wp-json\/wp\/v2\/pages"}],"about":[{"href":"https:\/\/www.mountainproguiding.com\/en\/wp-json\/wp\/v2\/types\/page"}],"author":[{"embeddable":true,"href":"https:\/\/www.mountainproguiding.com\/en\/wp-json\/wp\/v2\/users\/1"}],"replies":[{"embeddable":true,"href":"https:\/\/www.mountainproguiding.com\/en\/wp-json\/wp\/v2\/comments?post=1557"}],"version-history":[{"count":1,"href":"https:\/\/www.mountainproguiding.com\/en\/wp-json\/wp\/v2\/pages\/1557\/revisions"}],"predecessor-version":[{"id":1843,"href":"https:\/\/www.mountainproguiding.com\/en\/wp-json\/wp\/v2\/pages\/1557\/revisions\/1843"}],"wp:attachment":[{"href":"https:\/\/www.mountainproguiding.com\/en\/wp-json\/wp\/v2\/media?parent=1557"}],"curies":[{"name":"wp","href":"https:\/\/api.w.org\/{rel}","templated":true}]}}